{"id":121,"date":"2024-09-26T12:26:32","date_gmt":"2024-09-26T10:26:32","guid":{"rendered":"https:\/\/www.feel-in-therapy.com\/?page_id=121"},"modified":"2024-09-26T15:35:03","modified_gmt":"2024-09-26T13:35:03","slug":"les-formations-fit","status":"publish","type":"page","link":"https:\/\/www.feel-in-therapy.com\/index.php\/les-formations-fit\/","title":{"rendered":"Les Formations FIT"},"content":{"rendered":"\n<h1 class=\"wp-block-heading has-text-align-center\"><mark style=\"background-color:rgba(0, 0, 0, 0)\" class=\"has-inline-color has-orange-color\"><strong>Les Formations FIT<\/strong><\/mark><\/h1>\n\n\n\n<p><\/p>\n\n\n\n<h2 class=\"wp-block-heading\"><mark style=\"background-color:rgba(0, 0, 0, 0);color:#f7ae38\" class=\"has-inline-color\">La th\u00e9rapie Feel&rsquo;In &#8211; Niveau 1<\/mark><\/h2>\n\n\n\n<p><mark style=\"background-color:rgba(0, 0, 0, 0)\" class=\"has-inline-color has-foreground-color\">Ce premier niveau de formation vous permettra de d\u00e9couvrir et ma\u00eetriser les fondamentaux de la th\u00e9rapie Feel&rsquo;In. Vous apprendrez \u00e0 reconna\u00eetre et travailler avec les activations internes du corps, des \u00e9motions et des pens\u00e9es de vos patients. \u00c0 travers des modules th\u00e9oriques et pratiques, vous d\u00e9velopperez les comp\u00e9tences n\u00e9cessaires pour guider vos patients vers une gu\u00e9rison rapide et naturelle, tout en respectant leur rythme et leur autonomie. Cette formation met un accent particulier sur l\u2019approche non-verbale et le travail centr\u00e9 sur le ressenti corporel.<\/mark><\/p>\n\n\n\n<h2 class=\"wp-block-heading\"><mark style=\"background-color:rgba(0, 0, 0, 0);color:#f7ae38\" class=\"has-inline-color\">La th\u00e9rapie Feel&rsquo;In &#8211; Niveau 2<\/mark><\/h2>\n\n\n\n<p><mark style=\"background-color:rgba(0, 0, 0, 0)\" class=\"has-inline-color has-foreground-color\">Le deuxi\u00e8me niveau de formation approfondit les techniques apprises dans le Niveau 1, en introduisant des protocoles sp\u00e9cifiques pour traiter des probl\u00e9matiques complexes telles que les traumas, les troubles dissociatifs et les troubles de l&rsquo;attachement. Vous d\u00e9couvrirez comment adapter Feel&rsquo;In Therapy aux besoins individuels de vos patients, et apprendrez des techniques avanc\u00e9es de r\u00e9paration des souvenirs, de gestion des activations \u00e9motionnelles intenses, et d&rsquo;accompagnement dans les moments de crise. Cette formation vous permettra d\u2019acqu\u00e9rir une ma\u00eetrise compl\u00e8te des interventions th\u00e9rapeutiques les plus efficaces.<\/mark><\/p>\n\n\n\n<p><\/p>\n\n\n\n<div class=\"wp-block-buttons is-content-justification-center is-layout-flex wp-container-core-buttons-is-layout-a89b3969 wp-block-buttons-is-layout-flex\">\n<div class=\"wp-block-button\"><a class=\"wp-block-button__link wp-element-button\" href=\"https:\/\/bethanyblythin.com\/?page_id=3096\">D\u00e9couvrez d&rsquo;autres formations propos\u00e9es par Bethany BLYTHIN<\/a><\/div>\n<\/div>\n\n\n\n<p><\/p>\n","protected":false},"excerpt":{"rendered":"<p>Les Formations FIT La th\u00e9rapie Feel&rsquo;In &#8211; Niveau 1 Ce premier niveau de formation vous permettra de d\u00e9couvrir et ma\u00eetriser les fondamentaux de la th\u00e9rapie Feel&rsquo;In. Vous apprendrez \u00e0 reconna\u00eetre et travailler avec les activations internes du corps, des \u00e9motions et des pens\u00e9es de vos patients. \u00c0 travers des modules th\u00e9oriques et pratiques, vous d\u00e9velopperez [&hellip;]<\/p>\n","protected":false},"author":1,"featured_media":0,"parent":0,"menu_order":0,"comment_status":"closed","ping_status":"closed","template":"","meta":{"om_disable_all_campaigns":false,"footnotes":""},"class_list":["post-121","page","type-page","status-publish","hentry"],"_links":{"self":[{"href":"https:\/\/www.feel-in-therapy.com\/index.php\/wp-json\/wp\/v2\/pages\/121","targetHints":{"allow":["GET"]}}],"collection":[{"href":"https:\/\/www.feel-in-therapy.com\/index.php\/wp-json\/wp\/v2\/pages"}],"about":[{"href":"https:\/\/www.feel-in-therapy.com\/index.php\/wp-json\/wp\/v2\/types\/page"}],"author":[{"embeddable":true,"href":"https:\/\/www.feel-in-therapy.com\/index.php\/wp-json\/wp\/v2\/users\/1"}],"replies":[{"embeddable":true,"href":"https:\/\/www.feel-in-therapy.com\/index.php\/wp-json\/wp\/v2\/comments?post=121"}],"version-history":[{"count":6,"href":"https:\/\/www.feel-in-therapy.com\/index.php\/wp-json\/wp\/v2\/pages\/121\/revisions"}],"predecessor-version":[{"id":131,"href":"https:\/\/www.feel-in-therapy.com\/index.php\/wp-json\/wp\/v2\/pages\/121\/revisions\/131"}],"wp:attachment":[{"href":"https:\/\/www.feel-in-therapy.com\/index.php\/wp-json\/wp\/v2\/media?parent=121"}],"curies":[{"name":"wp","href":"https:\/\/api.w.org\/{rel}","templated":true}]}}